{"id":11,"date":"2023-10-08T08:38:21","date_gmt":"2023-10-08T06:38:21","guid":{"rendered":"http:\/\/fzhabln.cluster030.hosting.ovh.net\/?page_id=11"},"modified":"2023-12-20T07:09:18","modified_gmt":"2023-12-20T06:09:18","slug":"nous-contacter","status":"publish","type":"page","link":"https:\/\/www.lemuseedespompiers.re\/index.php\/nous-contacter\/","title":{"rendered":"Nous contacter"},"content":{"rendered":"\n<p>Pour nous contacter, vous pouvez utiliser une des adresses mail suivantes :<\/p>\n\n\n\n<ul class=\"wp-block-list\">\n<li>Le pr\u00e9sident : president@lemuseedespompiers.re<\/li>\n\n\n\n<li>Le vice-pr\u00e9sident : vice-president@lemuseedespompiers.re<\/li>\n\n\n\n<li>La tr\u00e9sori\u00e8re : tresoriere@lemuseedespompiers.re<\/li>\n<\/ul>\n\n\n\n<p>Vous pouvez \u00e9galement utiliser une adresse commune : contact@lemuseedespompiers.re<\/p>\n\n\n\n<p>Enfin, vous pouvez \u00e9galement nous joindre par t\u00e9l\u00e9phone : 06 93 31 60 55<\/p>\n","protected":false},"excerpt":{"rendered":"<p>Pour nous contacter, vous pouvez utiliser une des adresses mail suivantes : Vous pouvez \u00e9galement utiliser une adresse commune : contact@lemuseedespompiers.re Enfin, vous pouvez \u00e9galement nous joindre par t\u00e9l\u00e9phone : [&hellip;]<\/p>\n","protected":false},"author":1,"featured_media":0,"parent":0,"menu_order":0,"comment_status":"closed","ping_status":"closed","template":"","meta":{"_bbp_topic_count":0,"_bbp_reply_count":0,"_bbp_total_topic_count":0,"_bbp_total_reply_count":0,"_bbp_voice_count":0,"_bbp_anonymous_reply_count":0,"_bbp_topic_count_hidden":0,"_bbp_reply_count_hidden":0,"_bbp_forum_subforum_count":0,"_monsterinsights_skip_tracking":false,"_monsterinsights_sitenote_active":false,"_monsterinsights_sitenote_note":"","_monsterinsights_sitenote_category":0,"_uf_show_specific_survey":0,"_uf_disable_surveys":false,"_price":"","_stock":"","_tribe_ticket_header":"","_tribe_default_ticket_provider":"","_tribe_ticket_capacity":"0","_ticket_start_date":"","_ticket_end_date":"","_tribe_ticket_show_description":"","_tribe_ticket_show_not_going":false,"_tribe_ticket_use_global_stock":"","_tribe_ticket_global_stock_level":"","_global_stock_mode":"","_global_stock_cap":"","_tribe_rsvp_for_event":"","_tribe_ticket_going_count":"","_tribe_ticket_not_going_count":"","_tribe_tickets_list":"[]","_tribe_ticket_has_attendee_info_fields":false,"footnotes":"","_tec_slr_enabled":"","_tec_slr_layout":""},"class_list":["post-11","page","type-page","status-publish","hentry"],"ticketed":false,"_links":{"self":[{"href":"https:\/\/www.lemuseedespompiers.re\/index.php\/wp-json\/wp\/v2\/pages\/11","targetHints":{"allow":["GET"]}}],"collection":[{"href":"https:\/\/www.lemuseedespompiers.re\/index.php\/wp-json\/wp\/v2\/pages"}],"about":[{"href":"https:\/\/www.lemuseedespompiers.re\/index.php\/wp-json\/wp\/v2\/types\/page"}],"author":[{"embeddable":true,"href":"https:\/\/www.lemuseedespompiers.re\/index.php\/wp-json\/wp\/v2\/users\/1"}],"replies":[{"embeddable":true,"href":"https:\/\/www.lemuseedespompiers.re\/index.php\/wp-json\/wp\/v2\/comments?post=11"}],"version-history":[{"count":2,"href":"https:\/\/www.lemuseedespompiers.re\/index.php\/wp-json\/wp\/v2\/pages\/11\/revisions"}],"predecessor-version":[{"id":137,"href":"https:\/\/www.lemuseedespompiers.re\/index.php\/wp-json\/wp\/v2\/pages\/11\/revisions\/137"}],"wp:attachment":[{"href":"https:\/\/www.lemuseedespompiers.re\/index.php\/wp-json\/wp\/v2\/media?parent=11"}],"curies":[{"name":"wp","href":"https:\/\/api.w.org\/{rel}","templated":true}]}}