{"id":1556,"date":"2025-11-30T16:14:35","date_gmt":"2025-11-30T15:14:35","guid":{"rendered":"https:\/\/www.lemuseedespompiers.re\/?page_id=1556"},"modified":"2025-11-30T17:18:48","modified_gmt":"2025-11-30T16:18:48","slug":"maison-dedition-de-laamsplroi","status":"publish","type":"page","link":"https:\/\/www.lemuseedespompiers.re\/index.php\/maison-dedition-de-laamsplroi\/","title":{"rendered":"Maison d\u2019\u00e9dition de l\u2019AAMSPLROI"},"content":{"rendered":"\n<div class=\"wp-block-columns is-layout-flex wp-container-core-columns-is-layout-9d6595d7 wp-block-columns-is-layout-flex\">\n<div class=\"wp-block-column is-layout-flow wp-block-column-is-layout-flow\" style=\"flex-basis:33.33%\">\n<div class=\"wp-block-columns is-layout-flex wp-container-core-columns-is-layout-9d6595d7 wp-block-columns-is-layout-flex\">\n<div class=\"wp-block-column is-layout-flow wp-block-column-is-layout-flow\" style=\"flex-basis:100%\">\n<figure class=\"wp-block-image size-full is-resized\"><img loading=\"lazy\" decoding=\"async\" width=\"1024\" height=\"1536\" src=\"https:\/\/www.lemuseedespompiers.re\/wp-content\/uploads\/2025\/11\/image-24.png\" alt=\"\" class=\"wp-image-1576\" style=\"width:249px;height:auto\" srcset=\"https:\/\/www.lemuseedespompiers.re\/wp-content\/uploads\/2025\/11\/image-24.png 1024w, https:\/\/www.lemuseedespompiers.re\/wp-content\/uploads\/2025\/11\/image-24-200x300.png 200w\" sizes=\"auto, (max-width: 1024px) 100vw, 1024px\" \/><\/figure>\n<\/div>\n<\/div>\n<\/div>\n\n\n\n<div class=\"wp-block-column is-layout-flow wp-block-column-is-layout-flow\" style=\"flex-basis:66.66%\">\n<p><strong>Mission<\/strong><\/p>\n\n\n\n<p>La maison d\u2019\u00e9dition de l\u2019Association des Amis du Mus\u00e9e des Sapeurs-Pompiers de La R\u00e9union et de l\u2019Oc\u00e9an Indien a pour vocation de produire et diffuser des ouvrages consacr\u00e9s \u00e0 l\u2019histoire des sapeurs-pompiers, aux patrimoines mat\u00e9riels et immat\u00e9riels, aux biographies, aux valeurs du service public et \u00e0 la culture du risque.<br>Elle constitue le prolongement naturel des travaux patrimoniaux, archivistiques et de recherche port\u00e9s par l\u2019association.<\/p>\n<\/div>\n<\/div>\n\n\n\n<p><strong>P\u00e9rim\u00e8tre \u00e9ditorial<\/strong><\/p>\n\n\n\n<p>La maison d\u2019\u00e9dition publie :<\/p>\n\n\n\n<ul class=\"wp-block-list\">\n<li>ouvrages historiques ;<\/li>\n\n\n\n<li>monographies communales ;<\/li>\n\n\n\n<li>biographies ;<\/li>\n\n\n\n<li>recueils de t\u00e9moignages ;<\/li>\n\n\n\n<li>\u00e9ditions critiques de sources ;<\/li>\n\n\n\n<li>ouvrages th\u00e9matiques li\u00e9s \u00e0 la pr\u00e9vention et aux risques ;<\/li>\n\n\n\n<li>travaux issus de partenariats institutionnels et universitaires ;<\/li>\n\n\n\n<li>un magazine annuel.<\/li>\n<\/ul>\n\n\n\n<p><strong>Gouvernance \u00e9ditoriale<\/strong><br>La structure \u00e9ditoriale repose sur :<\/p>\n\n\n\n<ul class=\"wp-block-list\">\n<li>une direction \u00e9ditoriale charg\u00e9e de la coh\u00e9rence et de la validation des projets ;<\/li>\n\n\n\n<li>une coordination \u00e9ditoriale assurant le suivi op\u00e9rationnel ;<\/li>\n\n\n\n<li>des directeurs de collection (mise en place progressive) ;<\/li>\n\n\n\n<li>un comit\u00e9 \u00e9ditorial intervenant sur les manuscrits sensibles ou scientifiques.<\/li>\n<\/ul>\n\n\n\n<p>La maison d\u2019\u00e9dition fonctionne selon un corpus de documents internes : charte \u00e9ditoriale, processus \u00e9ditorial, politique de droits, charte graphique, plan \u00e9thique et conformit\u00e9.<\/p>\n\n\n\n<p><strong>Travaux en cours<\/strong><\/p>\n\n\n\n<p>Plusieurs projets d\u2019ouvrages sont actuellement en r\u00e9daction ou en pr\u00e9paration, dans les domaines suivants :<\/p>\n\n\n\n<ul class=\"wp-block-list\">\n<li>histoire g\u00e9n\u00e9rale ;<\/li>\n\n\n\n<li>monographies territoriales ;<\/li>\n\n\n\n<li>biographies ;<\/li>\n\n\n\n<li>patrimoine et culture pompier ;<\/li>\n\n\n\n<li>risque routier.<\/li>\n<\/ul>\n\n\n\n<p>Les premi\u00e8res publications para\u00eetront d\u00e8s finalisation des travaux \u00e9ditoriaux.<\/p>\n\n\n\n<p><strong>Soumettre un manuscrit<\/strong><\/p>\n\n\n\n<p>Les propositions peuvent \u00eatre adress\u00e9es via la page d\u00e9di\u00e9e : <em><a href=\"https:\/\/www.lemuseedespompiers.re\/index.php\/soumettre-un-manuscrit\/\" data-type=\"page\" data-id=\"1558\">Soumettre un manuscrit<\/a>.<\/em><\/p>\n\n\n\n<p>La maison d\u2019\u00e9dition applique une proc\u00e9dure d\u2019\u00e9valuation transparente et structur\u00e9e fond\u00e9e sur la pertinence, la rigueur historique, la coh\u00e9rence \u00e9ditoriale et le respect de la charte \u00e9thique.<\/p>\n\n\n\n<figure class=\"wp-block-image size-full\"><img loading=\"lazy\" decoding=\"async\" width=\"911\" height=\"557\" src=\"https:\/\/www.lemuseedespompiers.re\/wp-content\/uploads\/2025\/11\/image-26.png\" alt=\"\" class=\"wp-image-1586\" srcset=\"https:\/\/www.lemuseedespompiers.re\/wp-content\/uploads\/2025\/11\/image-26.png 911w, https:\/\/www.lemuseedespompiers.re\/wp-content\/uploads\/2025\/11\/image-26-300x183.png 300w, https:\/\/www.lemuseedespompiers.re\/wp-content\/uploads\/2025\/11\/image-26-768x470.png 768w, https:\/\/www.lemuseedespompiers.re\/wp-content\/uploads\/2025\/11\/image-26-600x367.png 600w\" sizes=\"auto, (max-width: 911px) 100vw, 911px\" \/><\/figure>\n","protected":false},"excerpt":{"rendered":"<p>Mission La maison d\u2019\u00e9dition de l\u2019Association des Amis du Mus\u00e9e des Sapeurs-Pompiers de La R\u00e9union et de l\u2019Oc\u00e9an Indien a pour vocation de produire et diffuser des ouvrages consacr\u00e9s \u00e0 [&hellip;]<\/p>\n","protected":false},"author":1,"featured_media":0,"parent":0,"menu_order":0,"comment_status":"closed","ping_status":"closed","template":"","meta":{"_bbp_topic_count":0,"_bbp_reply_count":0,"_bbp_total_topic_count":0,"_bbp_total_reply_count":0,"_bbp_voice_count":0,"_bbp_anonymous_reply_count":0,"_bbp_topic_count_hidden":0,"_bbp_reply_count_hidden":0,"_bbp_forum_subforum_count":0,"_monsterinsights_skip_tracking":false,"_monsterinsights_sitenote_active":false,"_monsterinsights_sitenote_note":"","_monsterinsights_sitenote_category":0,"_uf_show_specific_survey":0,"_uf_disable_surveys":false,"_price":"","_stock":"","_tribe_ticket_header":"","_tribe_default_ticket_provider":"","_tribe_ticket_capacity":"0","_ticket_start_date":"","_ticket_end_date":"","_tribe_ticket_show_description":"","_tribe_ticket_show_not_going":false,"_tribe_ticket_use_global_stock":"","_tribe_ticket_global_stock_level":"","_global_stock_mode":"","_global_stock_cap":"","_tribe_rsvp_for_event":"","_tribe_ticket_going_count":"","_tribe_ticket_not_going_count":"","_tribe_tickets_list":"[]","_tribe_ticket_has_attendee_info_fields":false,"footnotes":"","_tec_slr_enabled":"","_tec_slr_layout":""},"class_list":["post-1556","page","type-page","status-publish","hentry"],"ticketed":false,"_links":{"self":[{"href":"https:\/\/www.lemuseedespompiers.re\/index.php\/wp-json\/wp\/v2\/pages\/1556","targetHints":{"allow":["GET"]}}],"collection":[{"href":"https:\/\/www.lemuseedespompiers.re\/index.php\/wp-json\/wp\/v2\/pages"}],"about":[{"href":"https:\/\/www.lemuseedespompiers.re\/index.php\/wp-json\/wp\/v2\/types\/page"}],"author":[{"embeddable":true,"href":"https:\/\/www.lemuseedespompiers.re\/index.php\/wp-json\/wp\/v2\/users\/1"}],"replies":[{"embeddable":true,"href":"https:\/\/www.lemuseedespompiers.re\/index.php\/wp-json\/wp\/v2\/comments?post=1556"}],"version-history":[{"count":8,"href":"https:\/\/www.lemuseedespompiers.re\/index.php\/wp-json\/wp\/v2\/pages\/1556\/revisions"}],"predecessor-version":[{"id":1587,"href":"https:\/\/www.lemuseedespompiers.re\/index.php\/wp-json\/wp\/v2\/pages\/1556\/revisions\/1587"}],"wp:attachment":[{"href":"https:\/\/www.lemuseedespompiers.re\/index.php\/wp-json\/wp\/v2\/media?parent=1556"}],"curies":[{"name":"wp","href":"https:\/\/api.w.org\/{rel}","templated":true}]}}