{"id":237,"date":"2024-05-07T08:10:12","date_gmt":"2024-05-07T06:10:12","guid":{"rendered":"https:\/\/www.lemuseedespompiers.re\/?page_id=237"},"modified":"2024-05-23T17:33:47","modified_gmt":"2024-05-23T15:33:47","slug":"archives-de-niveau-departemental","status":"publish","type":"page","link":"https:\/\/www.lemuseedespompiers.re\/index.php\/archives-de-niveau-departemental\/","title":{"rendered":"Archives de niveau d\u00e9partemental"},"content":{"rendered":"\n<p>Bienvenue dans la section des Archives de niveau d\u00e9partemental de l&#8217;association des Amis du Mus\u00e9e des Sapeurs-Pompiers de La R\u00e9union et de l\u2019Oc\u00e9an Indien. Cette page regroupe des documents historiques et institutionnels qui concernent l&#8217;ensemble du d\u00e9partement, sans se limiter \u00e0 une commune sp\u00e9cifique. Vous trouverez ici une collection d&#8217; arr\u00eat\u00e9s pr\u00e9fectoraux, et d&#8217;autres documents importants qui ont fa\u00e7onn\u00e9 l&#8217;histoire et le fonctionnement des services de secours dans la r\u00e9gion. Ces archives sont mises \u00e0 disposition pour soutenir la recherche, l&#8217;\u00e9ducation et pour offrir un aper\u00e7u approfondi du patrimoine des sapeurs-pompiers \u00e0 l&#8217;\u00e9chelle d\u00e9partementale.<\/p>\n\n\n<ul class=\"wp-block-latest-posts__list has-dates wp-block-latest-posts\"><li><a class=\"wp-block-latest-posts__post-title\" href=\"https:\/\/www.lemuseedespompiers.re\/index.php\/2025\/09\/10\/revue-de-presse-41-ans-apres-hyacinthe-une-reconnaissance-collective\/\">Revue de presse \u2013 41 ans apr\u00e8s Hyacinthe, une reconnaissance collective<\/a><time datetime=\"2025-09-10T19:51:00+02:00\" class=\"wp-block-latest-posts__post-date\">10 septembre 2025<\/time><div class=\"wp-block-latest-posts__post-excerpt\">Zinfos974 poursuit sa s\u00e9rie sur l\u2019histoire des sapeurs-pompiers de La R\u00e9union avec un troisi\u00e8me volet consacr\u00e9 aux d\u00e9corations attribu\u00e9es \u00e0 la suite du cyclone Hyacinthe. En 1980, alors que l\u2019organisation\u2026 <a class=\"wp-block-latest-posts__read-more\" href=\"https:\/\/www.lemuseedespompiers.re\/index.php\/2025\/09\/10\/revue-de-presse-41-ans-apres-hyacinthe-une-reconnaissance-collective\/\" rel=\"noopener noreferrer\">Lire la suite<span class=\"screen-reader-text\">\u00a0: Revue de presse \u2013 41 ans apr\u00e8s Hyacinthe, une reconnaissance collective<\/span><\/a><\/div><\/li>\n<li><a class=\"wp-block-latest-posts__post-title\" href=\"https:\/\/www.lemuseedespompiers.re\/index.php\/2025\/08\/01\/en-quete-dhistoire-combien-de-finales-departementales-du-parcours-sportif\/\">En qu\u00eate d\u2019histoire : Combien de finales d\u00e9partementales du parcours sportif ?<\/a><time datetime=\"2025-08-01T16:02:00+02:00\" class=\"wp-block-latest-posts__post-date\">1 ao\u00fbt 2025<\/time><div class=\"wp-block-latest-posts__post-excerpt\">En 2025, le SDIS de La R\u00e9union c\u00e9l\u00e8bre ce qu\u2019il pr\u00e9sente comme la 33e finale d\u00e9partementale du parcours sportif des sapeurs-pompiers. Cette annonce a de quoi surprendre. Pourquoi ? Parce\u2026 <a class=\"wp-block-latest-posts__read-more\" href=\"https:\/\/www.lemuseedespompiers.re\/index.php\/2025\/08\/01\/en-quete-dhistoire-combien-de-finales-departementales-du-parcours-sportif\/\" rel=\"noopener noreferrer\">Lire la suite<span class=\"screen-reader-text\">\u00a0: En qu\u00eate d\u2019histoire : Combien de finales d\u00e9partementales du parcours sportif ?<\/span><\/a><\/div><\/li>\n<li><a class=\"wp-block-latest-posts__post-title\" href=\"https:\/\/www.lemuseedespompiers.re\/index.php\/2024\/06\/14\/le-magazine-des-sapeurs-pompiers-de-la-reunion-de-juin-1974\/\">Le magazine des sapeurs-pompiers de La R\u00e9union de juin 1974<\/a><time datetime=\"2024-06-14T05:12:00+02:00\" class=\"wp-block-latest-posts__post-date\">14 juin 2024<\/time><div class=\"wp-block-latest-posts__post-excerpt\">Le magazine publi\u00e9 par l&#8217;Union d\u00e9partementale des sapeurs-pompiers de La R\u00e9union en juin 1974 constitue une source int\u00e9ressante pour les chercheurs et les passionn\u00e9s d&#8217;histoire locale. Ce document offre une\u2026 <a class=\"wp-block-latest-posts__read-more\" href=\"https:\/\/www.lemuseedespompiers.re\/index.php\/2024\/06\/14\/le-magazine-des-sapeurs-pompiers-de-la-reunion-de-juin-1974\/\" rel=\"noopener noreferrer\">Lire la suite<span class=\"screen-reader-text\">\u00a0: Le magazine des sapeurs-pompiers de La R\u00e9union de juin 1974<\/span><\/a><\/div><\/li>\n<\/ul>","protected":false},"excerpt":{"rendered":"<p>Bienvenue dans la section des Archives de niveau d\u00e9partemental de l&#8217;association des Amis du Mus\u00e9e des Sapeurs-Pompiers de La R\u00e9union et de l\u2019Oc\u00e9an Indien. Cette page regroupe des documents historiques [&hellip;]<\/p>\n","protected":false},"author":1,"featured_media":0,"parent":0,"menu_order":0,"comment_status":"closed","ping_status":"closed","template":"","meta":{"_bbp_topic_count":0,"_bbp_reply_count":0,"_bbp_total_topic_count":0,"_bbp_total_reply_count":0,"_bbp_voice_count":0,"_bbp_anonymous_reply_count":0,"_bbp_topic_count_hidden":0,"_bbp_reply_count_hidden":0,"_bbp_forum_subforum_count":0,"_monsterinsights_skip_tracking":false,"_monsterinsights_sitenote_active":false,"_monsterinsights_sitenote_note":"","_monsterinsights_sitenote_category":0,"_uf_show_specific_survey":0,"_uf_disable_surveys":false,"_price":"","_stock":"","_tribe_ticket_header":"","_tribe_default_ticket_provider":"","_tribe_ticket_capacity":"0","_ticket_start_date":"","_ticket_end_date":"","_tribe_ticket_show_description":"","_tribe_ticket_show_not_going":false,"_tribe_ticket_use_global_stock":"","_tribe_ticket_global_stock_level":"","_global_stock_mode":"","_global_stock_cap":"","_tribe_rsvp_for_event":"","_tribe_ticket_going_count":"","_tribe_ticket_not_going_count":"","_tribe_tickets_list":"[]","_tribe_ticket_has_attendee_info_fields":false,"footnotes":"","_tec_slr_enabled":"","_tec_slr_layout":""},"class_list":["post-237","page","type-page","status-publish","hentry"],"ticketed":false,"_links":{"self":[{"href":"https:\/\/www.lemuseedespompiers.re\/index.php\/wp-json\/wp\/v2\/pages\/237","targetHints":{"allow":["GET"]}}],"collection":[{"href":"https:\/\/www.lemuseedespompiers.re\/index.php\/wp-json\/wp\/v2\/pages"}],"about":[{"href":"https:\/\/www.lemuseedespompiers.re\/index.php\/wp-json\/wp\/v2\/types\/page"}],"author":[{"embeddable":true,"href":"https:\/\/www.lemuseedespompiers.re\/index.php\/wp-json\/wp\/v2\/users\/1"}],"replies":[{"embeddable":true,"href":"https:\/\/www.lemuseedespompiers.re\/index.php\/wp-json\/wp\/v2\/comments?post=237"}],"version-history":[{"count":2,"href":"https:\/\/www.lemuseedespompiers.re\/index.php\/wp-json\/wp\/v2\/pages\/237\/revisions"}],"predecessor-version":[{"id":394,"href":"https:\/\/www.lemuseedespompiers.re\/index.php\/wp-json\/wp\/v2\/pages\/237\/revisions\/394"}],"wp:attachment":[{"href":"https:\/\/www.lemuseedespompiers.re\/index.php\/wp-json\/wp\/v2\/media?parent=237"}],"curies":[{"name":"wp","href":"https:\/\/api.w.org\/{rel}","templated":true}]}}