{"id":679,"date":"2025-01-22T10:07:47","date_gmt":"2025-01-22T09:07:47","guid":{"rendered":"https:\/\/www.lemuseedespompiers.re\/?page_id=679"},"modified":"2025-07-01T12:01:28","modified_gmt":"2025-07-01T10:01:28","slug":"fonctionnement-de-la-pompe-a-bras","status":"publish","type":"page","link":"https:\/\/www.lemuseedespompiers.re\/index.php\/fonctionnement-de-la-pompe-a-bras\/","title":{"rendered":"Fonctionnement de la pompe \u00e0 bras"},"content":{"rendered":"\n<p><strong>Les vid\u00e9os associ\u00e9es \u00e0 cette exposition seront disponibles \u00e0 compter du 15 juillet 2025.<\/strong><br>Nous vous remercions pour votre patience et vous invitons \u00e0 revenir consulter cette page \u00e0 cette date.<\/p>\n\n\n\n<figure class=\"wp-block-image size-full\"><img loading=\"lazy\" decoding=\"async\" width=\"1024\" height=\"1024\" src=\"https:\/\/www.lemuseedespompiers.re\/wp-content\/uploads\/2025\/06\/ChatGPT-Image-8-juin-2025-15_24_09-2.png\" alt=\"\" class=\"wp-image-881\" srcset=\"https:\/\/www.lemuseedespompiers.re\/wp-content\/uploads\/2025\/06\/ChatGPT-Image-8-juin-2025-15_24_09-2.png 1024w, https:\/\/www.lemuseedespompiers.re\/wp-content\/uploads\/2025\/06\/ChatGPT-Image-8-juin-2025-15_24_09-2-300x300.png 300w, https:\/\/www.lemuseedespompiers.re\/wp-content\/uploads\/2025\/06\/ChatGPT-Image-8-juin-2025-15_24_09-2-150x150.png 150w, https:\/\/www.lemuseedespompiers.re\/wp-content\/uploads\/2025\/06\/ChatGPT-Image-8-juin-2025-15_24_09-2-768x768.png 768w\" sizes=\"auto, (max-width: 1024px) 100vw, 1024px\" \/><\/figure>\n","protected":false},"excerpt":{"rendered":"<p>Les vid\u00e9os associ\u00e9es \u00e0 cette exposition seront disponibles \u00e0 compter du 15 juillet 2025.Nous vous remercions pour votre patience et vous invitons \u00e0 revenir consulter cette page \u00e0 cette date.<\/p>\n","protected":false},"author":1,"featured_media":0,"parent":0,"menu_order":0,"comment_status":"closed","ping_status":"closed","template":"","meta":{"_bbp_topic_count":0,"_bbp_reply_count":0,"_bbp_total_topic_count":0,"_bbp_total_reply_count":0,"_bbp_voice_count":0,"_bbp_anonymous_reply_count":0,"_bbp_topic_count_hidden":0,"_bbp_reply_count_hidden":0,"_bbp_forum_subforum_count":0,"_monsterinsights_skip_tracking":false,"_monsterinsights_sitenote_active":false,"_monsterinsights_sitenote_note":"","_monsterinsights_sitenote_category":0,"_uf_show_specific_survey":0,"_uf_disable_surveys":false,"_price":"","_stock":"","_tribe_ticket_header":"","_tribe_default_ticket_provider":"","_tribe_ticket_capacity":"0","_ticket_start_date":"","_ticket_end_date":"","_tribe_ticket_show_description":"","_tribe_ticket_show_not_going":false,"_tribe_ticket_use_global_stock":"","_tribe_ticket_global_stock_level":"","_global_stock_mode":"","_global_stock_cap":"","_tribe_rsvp_for_event":"","_tribe_ticket_going_count":"","_tribe_ticket_not_going_count":"","_tribe_tickets_list":"[]","_tribe_ticket_has_attendee_info_fields":false,"footnotes":"","_tec_slr_enabled":"","_tec_slr_layout":""},"class_list":["post-679","page","type-page","status-publish","hentry"],"ticketed":false,"_links":{"self":[{"href":"https:\/\/www.lemuseedespompiers.re\/index.php\/wp-json\/wp\/v2\/pages\/679","targetHints":{"allow":["GET"]}}],"collection":[{"href":"https:\/\/www.lemuseedespompiers.re\/index.php\/wp-json\/wp\/v2\/pages"}],"about":[{"href":"https:\/\/www.lemuseedespompiers.re\/index.php\/wp-json\/wp\/v2\/types\/page"}],"author":[{"embeddable":true,"href":"https:\/\/www.lemuseedespompiers.re\/index.php\/wp-json\/wp\/v2\/users\/1"}],"replies":[{"embeddable":true,"href":"https:\/\/www.lemuseedespompiers.re\/index.php\/wp-json\/wp\/v2\/comments?post=679"}],"version-history":[{"count":2,"href":"https:\/\/www.lemuseedespompiers.re\/index.php\/wp-json\/wp\/v2\/pages\/679\/revisions"}],"predecessor-version":[{"id":955,"href":"https:\/\/www.lemuseedespompiers.re\/index.php\/wp-json\/wp\/v2\/pages\/679\/revisions\/955"}],"wp:attachment":[{"href":"https:\/\/www.lemuseedespompiers.re\/index.php\/wp-json\/wp\/v2\/media?parent=679"}],"curies":[{"name":"wp","href":"https:\/\/api.w.org\/{rel}","templated":true}]}}