{"id":82,"date":"2023-10-18T21:35:36","date_gmt":"2023-10-18T19:35:36","guid":{"rendered":"http:\/\/www.lemuseedespompiers.re\/?page_id=82"},"modified":"2023-10-18T21:35:36","modified_gmt":"2023-10-18T19:35:36","slug":"diversite-et-inclusion","status":"publish","type":"page","link":"https:\/\/www.lemuseedespompiers.re\/index.php\/diversite-et-inclusion\/","title":{"rendered":"Diversit\u00e9 et inclusion"},"content":{"rendered":"\n<p>Cr\u00e9er une culture inclusive requiert une volont\u00e9 affirm\u00e9e de reconna\u00eetre, valoriser et int\u00e9grer la diversit\u00e9 sous toutes ses formes. L&#8217;Association des Amis du Mus\u00e9e des Sapeurs-Pompiers de La R\u00e9union et de l&#8217;Oc\u00e9an Indien, avec son objectif singulier et son cadre sp\u00e9cifique, jouera un r\u00f4le crucial dans cette d\u00e9marche avec une priorit\u00e9 sur La R\u00e9union et une ouverture sur la zone Oc\u00e9an Indien. Voici comment :<\/p>\n\n\n\n<p><strong>Valorisation de l&#8217;histoire et du patrimoine locaux<\/strong> :<\/p>\n\n\n\n<p>En mettant en lumi\u00e8re le parcours et les sacrifices des sapeurs-pompiers de La R\u00e9union, l&#8217;association renforce le sentiment d&#8217;appartenance et de fiert\u00e9 locale. Cela offre \u00e9galement une occasion d&#8217;inclure des histoires individuelles, mettant en \u00e9vidence la diversit\u00e9 des parcours et des origines des sapeurs-pompiers.<\/p>\n\n\n\n<p><strong>\u00c9ducation et Sensibilisation<\/strong> :<\/p>\n\n\n\n<p>Les visites scolaires et les programmes \u00e9ducatifs comporteront des segments d\u00e9di\u00e9s \u00e0 l&#8217;inclusion et \u00e0 la diversit\u00e9. Cela montrera aux jeunes visiteurs l&#8217;importance de la solidarit\u00e9, du travail d&#8217;\u00e9quipe et du respect des diff\u00e9rences dans le m\u00e9tier de sapeur-pompier.<\/p>\n\n\n\n<p><strong>Collaboration avec d&#8217;autres acteurs culturels et institutions<\/strong> :<\/p>\n\n\n\n<p>En \u00e9tablissant des partenariats avec d&#8217;autres mus\u00e9es et organisations culturelles ou universitaires de la zone Oc\u00e9an Indien, l&#8217;association a pour projet de co-cr\u00e9er des expositions ou des \u00e9v\u00e9nements qui refl\u00e8teront la richesse et la diversit\u00e9, en premier lieu de la population r\u00e9unionnaise mais aussi de la zone Oc\u00e9an Indien.<\/p>\n\n\n\n<p><strong>Engagement communautaire<\/strong> :<\/p>\n\n\n\n<p>En collaborant \u00e9troitement avec les communaut\u00e9s locales, l&#8217;association s&#8217;assure que le mus\u00e9e refl\u00e8te les diverses voix et perspectives de La R\u00e9union, mais aussi de la zone Oc\u00e9an Indien. Cela inclut des programmes de t\u00e9moignages, o\u00f9 les membres de la communaut\u00e9 partagent leurs propres histoires li\u00e9es aux sapeurs-pompiers.<\/p>\n\n\n\n<p><strong>Programmation vari\u00e9e<\/strong> :<\/p>\n\n\n\n<p>L\u2019association projette d\u2019organiser des \u00e9v\u00e9nements, des ateliers et des programmes qui abordent des th\u00e8mes vari\u00e9s, attirant ainsi un public diversifi\u00e9. Cela pourrait inclure des journ\u00e9es th\u00e9matiques centr\u00e9es sur diff\u00e9rentes cultures pr\u00e9sentes \u00e0 La R\u00e9union mais aussi dans la zone Oc\u00e9an Indien.<\/p>\n\n\n\n<p><strong>Promotion du dialogue<\/strong> :<\/p>\n\n\n\n<p>L\u2019association projette de cr\u00e9er des espaces (physiques et virtuels) o\u00f9 les visiteurs peuvent partager leurs r\u00e9flexions, leurs histoires et leurs exp\u00e9riences. Cela renforcera la notion d&#8217;appartenance et d&#8217;\u00e9coute active.<\/p>\n","protected":false},"excerpt":{"rendered":"<p>Cr\u00e9er une culture inclusive requiert une volont\u00e9 affirm\u00e9e de reconna\u00eetre, valoriser et int\u00e9grer la diversit\u00e9 sous toutes ses formes. L&#8217;Association des Amis du Mus\u00e9e des Sapeurs-Pompiers de La R\u00e9union et [&hellip;]<\/p>\n","protected":false},"author":1,"featured_media":0,"parent":0,"menu_order":0,"comment_status":"closed","ping_status":"closed","template":"","meta":{"_bbp_topic_count":0,"_bbp_reply_count":0,"_bbp_total_topic_count":0,"_bbp_total_reply_count":0,"_bbp_voice_count":0,"_bbp_anonymous_reply_count":0,"_bbp_topic_count_hidden":0,"_bbp_reply_count_hidden":0,"_bbp_forum_subforum_count":0,"_monsterinsights_skip_tracking":false,"_monsterinsights_sitenote_active":false,"_monsterinsights_sitenote_note":"","_monsterinsights_sitenote_category":0,"_uf_show_specific_survey":0,"_uf_disable_surveys":false,"_price":"","_stock":"","_tribe_ticket_header":"","_tribe_default_ticket_provider":"","_tribe_ticket_capacity":"0","_ticket_start_date":"","_ticket_end_date":"","_tribe_ticket_show_description":"","_tribe_ticket_show_not_going":false,"_tribe_ticket_use_global_stock":"","_tribe_ticket_global_stock_level":"","_global_stock_mode":"","_global_stock_cap":"","_tribe_rsvp_for_event":"","_tribe_ticket_going_count":"","_tribe_ticket_not_going_count":"","_tribe_tickets_list":"[]","_tribe_ticket_has_attendee_info_fields":false,"footnotes":"","_tec_slr_enabled":"","_tec_slr_layout":""},"class_list":["post-82","page","type-page","status-publish","hentry"],"ticketed":false,"_links":{"self":[{"href":"https:\/\/www.lemuseedespompiers.re\/index.php\/wp-json\/wp\/v2\/pages\/82","targetHints":{"allow":["GET"]}}],"collection":[{"href":"https:\/\/www.lemuseedespompiers.re\/index.php\/wp-json\/wp\/v2\/pages"}],"about":[{"href":"https:\/\/www.lemuseedespompiers.re\/index.php\/wp-json\/wp\/v2\/types\/page"}],"author":[{"embeddable":true,"href":"https:\/\/www.lemuseedespompiers.re\/index.php\/wp-json\/wp\/v2\/users\/1"}],"replies":[{"embeddable":true,"href":"https:\/\/www.lemuseedespompiers.re\/index.php\/wp-json\/wp\/v2\/comments?post=82"}],"version-history":[{"count":1,"href":"https:\/\/www.lemuseedespompiers.re\/index.php\/wp-json\/wp\/v2\/pages\/82\/revisions"}],"predecessor-version":[{"id":83,"href":"https:\/\/www.lemuseedespompiers.re\/index.php\/wp-json\/wp\/v2\/pages\/82\/revisions\/83"}],"wp:attachment":[{"href":"https:\/\/www.lemuseedespompiers.re\/index.php\/wp-json\/wp\/v2\/media?parent=82"}],"curies":[{"name":"wp","href":"https:\/\/api.w.org\/{rel}","templated":true}]}}