{"id":983,"date":"2025-07-03T17:07:39","date_gmt":"2025-07-03T15:07:39","guid":{"rendered":"https:\/\/www.lemuseedespompiers.re\/?page_id=983"},"modified":"2025-07-04T10:09:06","modified_gmt":"2025-07-04T08:09:06","slug":"983-2","status":"publish","type":"page","link":"https:\/\/www.lemuseedespompiers.re\/index.php\/983-2\/","title":{"rendered":"Soutenez notre action"},"content":{"rendered":"\n<p>L\u2019association des amis du mus\u00e9e des sapeurs-pompiers de La R\u00e9union et de l\u2019oc\u00e9an Indien \u0153uvre \u00e0 la cr\u00e9ation d\u2019un lieu unique de m\u00e9moire et de transmission. Chaque don nous aide \u00e0 :<\/p>\n\n\n\n<ul class=\"wp-block-list\">\n<li>Restaurer les v\u00e9hicules historiques et les pr\u00e9server comme t\u00e9moins de notre patrimoine mat\u00e9riel ;<\/li>\n\n\n\n<li>Financer une exposition itin\u00e9rante et ses supports p\u00e9dagogiques ;<\/li>\n\n\n\n<li>Indemniser les stagiaires charg\u00e9s de recherches dans les archives et de la valorisation des collections ;<\/li>\n\n\n\n<li>Acqu\u00e9rir ou rapatrier des pi\u00e8ces rares ou embl\u00e9matiques (v\u00e9hicules, mat\u00e9riels anciens, documents) ;<\/li>\n\n\n\n<li>Organiser des actions \u00e9ducatives et de sensibilisation aupr\u00e8s des scolaires ;<\/li>\n\n\n\n<li>Coconstruire une base documentaire et un centre de recherche en partenariat avec l\u2019universit\u00e9 ;<\/li>\n\n\n\n<li>Couvrir les frais de fonctionnement de l\u2019association et structurer notre logistique (stockage, transport, outils num\u00e9riques).<\/li>\n<\/ul>\n\n\n\n<p>\u26a0\ufe0f <em>L\u2019association est <a href=\"https:\/\/www.lemuseedespompiers.re\/index.php\/avantages-fiscaux\/\" target=\"_blank\" rel=\"noreferrer noopener\">reconnue d\u2019int\u00e9r\u00eat g\u00e9n\u00e9ral<\/a> : 66 % du montant de votre don sont d\u00e9ductibles de vos imp\u00f4ts (dans la limite de 20 % de votre revenu imposable).<\/em><br>\ud83d\udc49 <em>Un re\u00e7u fiscal vous sera d\u00e9livr\u00e9 apr\u00e8s validation.<\/em><\/p>\n\n\n\n<p><\/p>\n\n\n\n<iframe id=\"haWidget\" allowtransparency=\"true\" scrolling=\"auto\" src=\"https:\/\/www.helloasso.com\/associations\/association-des-amis-du-musee-des-sapeurs-pompiers-de-la-reunion-et-de-l-ocean-indien\/formulaires\/1\/widget\" style=\"width: 100%; height: 750px; border: none;\"><\/iframe>\n\n\n\n<p><br><\/p>\n\n\n\n<div class=\"wp-block-columns is-layout-flex wp-container-core-columns-is-layout-9d6595d7 wp-block-columns-is-layout-flex\">\n<div class=\"wp-block-column is-layout-flow wp-block-column-is-layout-flow\" style=\"flex-basis:100%\"><\/div>\n<\/div>\n","protected":false},"excerpt":{"rendered":"<p>L\u2019association des amis du mus\u00e9e des sapeurs-pompiers de La R\u00e9union et de l\u2019oc\u00e9an Indien \u0153uvre \u00e0 la cr\u00e9ation d\u2019un lieu unique de m\u00e9moire et de transmission. Chaque don nous aide [&hellip;]<\/p>\n","protected":false},"author":1,"featured_media":0,"parent":0,"menu_order":0,"comment_status":"closed","ping_status":"closed","template":"","meta":{"_bbp_topic_count":0,"_bbp_reply_count":0,"_bbp_total_topic_count":0,"_bbp_total_reply_count":0,"_bbp_voice_count":0,"_bbp_anonymous_reply_count":0,"_bbp_topic_count_hidden":0,"_bbp_reply_count_hidden":0,"_bbp_forum_subforum_count":0,"_monsterinsights_skip_tracking":false,"_monsterinsights_sitenote_active":false,"_monsterinsights_sitenote_note":"","_monsterinsights_sitenote_category":0,"_uf_show_specific_survey":0,"_uf_disable_surveys":false,"_price":"","_stock":"","_tribe_ticket_header":"","_tribe_default_ticket_provider":"","_tribe_ticket_capacity":"0","_ticket_start_date":"","_ticket_end_date":"","_tribe_ticket_show_description":"","_tribe_ticket_show_not_going":false,"_tribe_ticket_use_global_stock":"","_tribe_ticket_global_stock_level":"","_global_stock_mode":"","_global_stock_cap":"","_tribe_rsvp_for_event":"","_tribe_ticket_going_count":"","_tribe_ticket_not_going_count":"","_tribe_tickets_list":"[]","_tribe_ticket_has_attendee_info_fields":false,"footnotes":"","_tec_slr_enabled":"","_tec_slr_layout":""},"class_list":["post-983","page","type-page","status-publish","hentry"],"ticketed":false,"_links":{"self":[{"href":"https:\/\/www.lemuseedespompiers.re\/index.php\/wp-json\/wp\/v2\/pages\/983","targetHints":{"allow":["GET"]}}],"collection":[{"href":"https:\/\/www.lemuseedespompiers.re\/index.php\/wp-json\/wp\/v2\/pages"}],"about":[{"href":"https:\/\/www.lemuseedespompiers.re\/index.php\/wp-json\/wp\/v2\/types\/page"}],"author":[{"embeddable":true,"href":"https:\/\/www.lemuseedespompiers.re\/index.php\/wp-json\/wp\/v2\/users\/1"}],"replies":[{"embeddable":true,"href":"https:\/\/www.lemuseedespompiers.re\/index.php\/wp-json\/wp\/v2\/comments?post=983"}],"version-history":[{"count":28,"href":"https:\/\/www.lemuseedespompiers.re\/index.php\/wp-json\/wp\/v2\/pages\/983\/revisions"}],"predecessor-version":[{"id":1039,"href":"https:\/\/www.lemuseedespompiers.re\/index.php\/wp-json\/wp\/v2\/pages\/983\/revisions\/1039"}],"wp:attachment":[{"href":"https:\/\/www.lemuseedespompiers.re\/index.php\/wp-json\/wp\/v2\/media?parent=983"}],"curies":[{"name":"wp","href":"https:\/\/api.w.org\/{rel}","templated":true}]}}